{"id":9059,"date":"2020-01-11T15:07:19","date_gmt":"2020-01-11T15:07:19","guid":{"rendered":"https:\/\/newtraderlab.com\/?page_id=9059"},"modified":"2023-07-03T14:56:51","modified_gmt":"2023-07-03T14:56:51","slug":"about-us","status":"publish","type":"page","link":"https:\/\/newtraderlab.com\/it\/about-us\/","title":{"rendered":"About us"},"content":{"rendered":"<div class=\"wpb-content-wrapper\"><p>[vc_row full_width=&#8221;stretch_row&#8221; css=&#8221;.vc_custom_1538810623537{margin-top: 0px !important;margin-bottom: 0px !important;padding-top: 70px !important;padding-bottom: 40px !important;background-color: #ffffff !important;}&#8221;][vc_column width=&#8221;1\/2&#8243; css=&#8221;.vc_custom_1538810524253{margin-top: -8px !important;margin-bottom: 0px !important;padding-top: 0px !important;padding-bottom: 0px !important;}&#8221;][vc_empty_space height=&#8221;150px&#8221;][vc_custom_heading text=&#8221;Che cos\u2019\u00e8 NewTraderLab?&#8221; font_container=&#8221;tag:h1|font_size:30px|text_align:left|color:%23ff9600|line_height:40px&#8221; google_fonts=&#8221;font_family:Montserrat%3Aregular%2C700|font_style:700%20bold%20regular%3A700%3Anormal&#8221; el_class=&#8221;font-weight-regular&#8221; css=&#8221;.vc_custom_1688396149719{margin-top: 0px !important;margin-bottom: 15px !important;}&#8221;][vc_column_text css=&#8221;.vc_custom_1630329893448{margin-top: 0px !important;margin-bottom: 20px !important;}&#8221; el_class=&#8221;font-weight-thin&#8221;]NewTraderLab \u00e8 principalmente un team di professionisti ed esperti provenienti da tutte le funzioni nel settore dell&#8217;intermediazione online.<\/p>\n<p>NewTraderLab \u00e8 la fusione di storie professionali e comprensione delle esigenze del cliente.<\/p>\n<p>NewTraderLab \u00e8 come pensiamo di offrire al cliente ci\u00f2 di cui crediamo abbia bisogno.[\/vc_column_text][\/vc_column][vc_column css_animation=&#8221;fadeInUp&#8221; width=&#8221;1\/2&#8243; css=&#8221;.vc_custom_1538810514815{margin-top: 0px !important;margin-bottom: 0px !important;padding-top: 0px !important;padding-bottom: 0px !important;}&#8221;][vc_single_image image=&#8221;11022&#8243; img_size=&#8221;full&#8221;][\/vc_column][\/vc_row][vc_section full_width=&#8221;stretch_row&#8221; css=&#8221;.vc_custom_1537002984533{margin-top: 0px !important;margin-bottom: 0px !important;padding-top: 0px !important;padding-bottom: 0px !important;}&#8221;][vc_row full_width=&#8221;stretch_row&#8221; css=&#8221;.vc_custom_1537004239776{margin-top: 0px !important;margin-bottom: 0px !important;padding-top: 65px !important;padding-bottom: 65px !important;background-color: #fafafa !important;}&#8221;][vc_column css=&#8221;.vc_custom_1538809806920{margin-top: 0px !important;margin-bottom: 0px !important;padding-top: 0px !important;padding-bottom: 0px !important;}&#8221;][vc_row_inner css=&#8221;.vc_custom_1538809795131{margin-top: 0px !important;margin-bottom: 0px !important;padding-top: 0px !important;padding-bottom: 0px !important;}&#8221;][vc_column_inner css=&#8221;.vc_custom_1537003046677{margin-top: 0px !important;margin-bottom: 0px !important;padding-top: 0px !important;padding-bottom: 0px !important;}&#8221;][vc_custom_heading text=&#8221;I Nostri Valori&#8221; font_container=&#8221;tag:h2|font_size:30px|text_align:center|color:%23030712|line_height:40x&#8221; google_fonts=&#8221;font_family:Montserrat%3Aregular%2C700|font_style:700%20bold%20regular%3A700%3Anormal&#8221; css=&#8221;.vc_custom_1684143166430{margin-top: 0px !important;margin-bottom: 0px !important;padding-top: 0px !important;padding-bottom: 25px !important;}&#8221; el_class=&#8221;font-weight-regular&#8221;][\/vc_column_inner][\/vc_row_inner][vc_row_inner css=&#8221;.vc_custom_1537004845008{margin-top: 0px !important;margin-bottom: 0px !important;padding-top: 0px !important;padding-bottom: 30px !important;}&#8221;][vc_column_inner width=&#8221;1\/3&#8243; css=&#8221;.vc_custom_1576140661942{margin-top: 0px !important;margin-bottom: 20px !important;padding-top: 0px !important;padding-left: 75px !important;background-image: url(https:\/\/newtraderlab.com\/wp-content\/uploads\/2019\/12\/019-businessman-e1576140584811.png?id=8882) !important;background-position: 0 0 !important;background-repeat: no-repeat !important;}&#8221;][vc_custom_heading text=&#8221;Prima il cliente&#8221; font_container=&#8221;tag:h3|font_size:16px|text_align:left|color:%23ff9600|line_height:28px&#8221; use_theme_fonts=&#8221;yes&#8221; css=&#8221;.vc_custom_1688396156402{margin-top: 0px !important;margin-bottom: 0px !important;padding-top: 0px !important;padding-bottom: 10px !important;padding-left: 20px !important;background-position: 0 0 !important;background-repeat: no-repeat !important;}&#8221; el_class=&#8221;font-weight-regular&#8221;][vc_custom_heading text=&#8221;Sembrer\u00e0 inflazionato ma la soddisfazione del cliente \u00e8 veramente ci\u00f2 che ci fa amare il nostro lavoro.&#8221; font_container=&#8221;tag:div|text_align:left&#8221; use_theme_fonts=&#8221;yes&#8221; css=&#8221;.vc_custom_1630329987712{margin-top: 0px !important;margin-bottom: 0px !important;padding-top: 0px !important;padding-bottom: 0px !important;padding-left: 20px !important;}&#8221; el_class=&#8221;font-weight-thin&#8221;][\/vc_column_inner][vc_column_inner width=&#8221;1\/3&#8243; css=&#8221;.vc_custom_1630330049728{margin-top: 0px !important;margin-bottom: 0px !important;padding-top: 0px !important;padding-bottom: 0px !important;padding-left: 75px !important;background-image: url(https:\/\/newtraderlab.com\/wp-content\/uploads\/2020\/01\/064-search-e1588439725513.png?id=9133) !important;background-position: 0 0 !important;background-repeat: no-repeat !important;}&#8221;][vc_custom_heading text=&#8221;Trasparenza&#8221; font_container=&#8221;tag:h3|font_size:16px|text_align:left|color:%23ff9600|line_height:28px&#8221; use_theme_fonts=&#8221;yes&#8221; css=&#8221;.vc_custom_1688396161906{margin-top: 0px !important;margin-bottom: 0px !important;padding-top: 0px !important;padding-bottom: 10px !important;padding-left: 20px !important;background-position: 0 0 !important;background-repeat: no-repeat !important;}&#8221; el_class=&#8221;font-weight-regular&#8221;][vc_custom_heading text=&#8221;Sappiamo bene che non ci sono pasti gratis e ci impegnano ogni giorno ad offrire un ambiente di trading trasparente e onesto, senza costi nascosti o incentivi strani.&#8221; font_container=&#8221;tag:div|text_align:left&#8221; use_theme_fonts=&#8221;yes&#8221; css=&#8221;.vc_custom_1630329983049{margin-top: 0px !important;margin-bottom: 0px !important;padding-top: 0px !important;padding-bottom: 0px !important;padding-left: 20px !important;}&#8221; el_class=&#8221;font-weight-thin&#8221;][\/vc_column_inner][vc_column_inner width=&#8221;1\/3&#8243; css=&#8221;.vc_custom_1630330084027{margin-top: 0px !important;margin-bottom: 0px !important;padding-top: 0px !important;padding-bottom: 0px !important;padding-left: 75px !important;background-image: url(https:\/\/newtraderlab.com\/wp-content\/uploads\/2019\/12\/089-heart-e1576140707906.png?id=9162) !important;background-position: 0 0 !important;background-repeat: no-repeat !important;}&#8221;][vc_custom_heading text=&#8221;Al servizio del cliente&#8221; font_container=&#8221;tag:h3|font_size:16px|text_align:left|color:%23ff9600|line_height:28px&#8221; use_theme_fonts=&#8221;yes&#8221; css=&#8221;.vc_custom_1688396175514{margin-top: 0px !important;margin-bottom: 0px !important;padding-top: 0px !important;padding-bottom: 10px !important;padding-left: 20px !important;background-position: 0 0 !important;background-repeat: no-repeat !important;}&#8221; el_class=&#8221;font-weight-regular&#8221;][vc_custom_heading text=&#8221;Abbiamo messo insieme le migliori esperienze per portare al cliente ci\u00f2 di cui ha davvero bisogno e niente di meno.&#8221; font_container=&#8221;tag:div|text_align:left&#8221; use_theme_fonts=&#8221;yes&#8221; css=&#8221;.vc_custom_1630329979101{margin-top: 0px !important;margin-bottom: 0px !important;padding-top: 0px !important;padding-bottom: 0px !important;padding-left: 20px !important;}&#8221; el_class=&#8221;font-weight-thin&#8221;][\/vc_column_inner][\/vc_row_inner][vc_row_inner][vc_column_inner width=&#8221;1\/3&#8243; css=&#8221;.vc_custom_1578941921282{margin-top: 0px !important;margin-bottom: 0px !important;padding-top: 0px !important;padding-bottom: 0px !important;padding-left: 75px !important;background-image: url(https:\/\/newtraderlab.com\/wp-content\/uploads\/2019\/12\/069-startup-e1576419009940.png?id=9099) !important;background-position: 0 0 !important;background-repeat: no-repeat !important;}&#8221;][vc_custom_heading text=&#8221;Rottura&#8221; font_container=&#8221;tag:h3|font_size:16px|text_align:left|color:%23ff9600|line_height:28px&#8221; use_theme_fonts=&#8221;yes&#8221; css=&#8221;.vc_custom_1688396185537{margin-top: 0px !important;margin-bottom: 0px !important;padding-top: 0px !important;padding-bottom: 10px !important;padding-left: 20px !important;background-position: 0 0 !important;background-repeat: no-repeat !important;}&#8221; el_class=&#8221;font-weight-regular&#8221;][vc_custom_heading text=&#8221;Siamo stanchi di sentire le storie di clienti insoddisfatti. Vogliamo cambiare le regole del gioco a vantaggio del cliente.&#8221; font_container=&#8221;tag:div|text_align:left&#8221; use_theme_fonts=&#8221;yes&#8221; css=&#8221;.vc_custom_1630329973795{margin-top: 0px !important;margin-bottom: 0px !important;padding-top: 0px !important;padding-bottom: 0px !important;padding-left: 20px !important;}&#8221; el_class=&#8221;font-weight-thin&#8221;][\/vc_column_inner][vc_column_inner width=&#8221;1\/3&#8243; css=&#8221;.vc_custom_1576140770154{margin-top: 0px !important;margin-bottom: 0px !important;padding-top: 0px !important;padding-bottom: 0px !important;padding-left: 75px !important;background-image: url(https:\/\/newtraderlab.com\/wp-content\/uploads\/2019\/12\/005-tie-e1576140749935.png?id=8872) !important;background-position: 0 0 !important;background-repeat: no-repeat !important;}&#8221;][vc_custom_heading text=&#8221;Professionalit\u00e0&#8221; font_container=&#8221;tag:h3|font_size:16px|text_align:left|color:%23ff9600|line_height:28px&#8221; use_theme_fonts=&#8221;yes&#8221; css=&#8221;.vc_custom_1688396192786{margin-top: 0px !important;margin-bottom: 0px !important;padding-top: 0px !important;padding-bottom: 10px !important;padding-left: 20px !important;background-position: 0 0 !important;background-repeat: no-repeat !important;}&#8221; el_class=&#8221;font-weight-regular&#8221;][vc_custom_heading text=&#8221;Abbiamo messo insieme professionisti da un\u2019ampia gamma di funzioni nell\u2019industria del brokeraggio online e la loro esperienza a beneficio del cliente.&#8221; font_container=&#8221;tag:div|text_align:left&#8221; use_theme_fonts=&#8221;yes&#8221; css=&#8221;.vc_custom_1630329969448{margin-top: 0px !important;margin-bottom: 0px !important;padding-top: 0px !important;padding-bottom: 0px !important;padding-left: 20px !important;}&#8221; el_class=&#8221;font-weight-thin&#8221;][\/vc_column_inner][vc_column_inner width=&#8221;1\/3&#8243; css=&#8221;.vc_custom_1576140829128{margin-top: 0px !important;margin-bottom: 0px !important;padding-top: 0px !important;padding-bottom: 0px !important;padding-left: 75px !important;background-image: url(https:\/\/newtraderlab.com\/wp-content\/uploads\/2019\/12\/046-shield-e1576140798311.png?id=8885) !important;background-position: 0 0 !important;background-repeat: no-repeat !important;}&#8221;][vc_custom_heading text=&#8221;Integrit\u00e0&#8221; font_container=&#8221;tag:h3|font_size:16px|text_align:left|color:%23ff9600|line_height:28px&#8221; use_theme_fonts=&#8221;yes&#8221; css=&#8221;.vc_custom_1688396198753{margin-top: 0px !important;margin-bottom: 0px !important;padding-top: 0px !important;padding-bottom: 10px !important;padding-left: 20px !important;background-position: 0 0 !important;background-repeat: no-repeat !important;}&#8221; el_class=&#8221;font-weight-regular&#8221;][vc_custom_heading text=&#8221;Siamo impegnati ogni giorno ad operare con onest\u00e0 e integrit\u00e0 perch\u00e9 crediamo nel nostro progetto e nelle sue potenzialit\u00e0.&#8221; font_container=&#8221;tag:div|text_align:left&#8221; use_theme_fonts=&#8221;yes&#8221; css=&#8221;.vc_custom_1630329965051{margin-top: 0px !important;margin-bottom: 0px !important;padding-top: 0px !important;padding-bottom: 0px !important;padding-left: 20px !important;}&#8221; el_class=&#8221;font-weight-thin&#8221;][\/vc_column_inner][\/vc_row_inner][\/vc_column][\/vc_row][\/vc_section]<\/p>\n<\/div>","protected":false},"excerpt":{"rendered":"<p>[vc_row full_width=&#8221;stretch_row&#8221; css=&#8221;.vc_custom_1538810623537{margin-top: 0px !important;margin-bottom: 0px !important;padding-top: 70px !important;padding-bottom: 40px !important;background-color: #ffffff !important;}&#8221;][vc_column width=&#8221;1\/2&#8243; css=&#8221;.vc_custom_1538810524253{margin-top: -8px !important;margin-bottom: 0px !important;padding-top: 0px !important;padding-bottom: 0px !important;}&#8221;][vc_empty_space height=&#8221;150px&#8221;][vc_custom_heading text=&#8221;Che cos\u2019\u00e8 NewTraderLab?&#8221; font_container=&#8221;tag:h1|font_size:30px|text_align:left|color:%23ff9600|line_height:40px&#8221; google_fonts=&#8221;font_family:Montserrat%3Aregular%2C700|font_style:700%20bold%20regular%3A700%3Anormal&#8221; el_class=&#8221;font-weight-regular&#8221; css=&#8221;.vc_custom_1688396149719{margin-top: 0px !important;margin-bottom: 15px !important;}&#8221;][vc_column_text css=&#8221;.vc_custom_1630329893448{margin-top: 0px !important;margin-bottom: 20px !important;}&#8221; el_class=&#8221;font-weight-thin&#8221;]NewTraderLab \u00e8 principalmente un team di professionisti ed esperti provenienti da tutte le funzioni nel [&hellip;]<\/p>\n","protected":false},"author":1,"featured_media":0,"parent":0,"menu_order":0,"comment_status":"closed","ping_status":"closed","template":"","meta":{"footnotes":""},"class_list":["post-9059","page","type-page","status-publish","hentry"],"yoast_head":"<!-- This site is optimized with the Yoast SEO plugin v27.4 - https:\/\/yoast.com\/product\/yoast-seo-wordpress\/ -->\n<title>About us - NewTraderLab<\/title>\n<meta name=\"description\" content=\"NewTraderLab nasce dalla fusione di diverse storie professionali e comprensione delle esigenze dei clienti per offrire il miglior servizio forex e cfd.\" \/>\n<meta name=\"robots\" content=\"index, follow, max-snippet:-1, max-image-preview:large, max-video-preview:-1\" \/>\n<link rel=\"canonical\" href=\"https:\/\/newtraderlab.com\/about-us\/\" \/>\n<meta property=\"og:locale\" content=\"it_IT\" \/>\n<meta property=\"og:type\" content=\"article\" \/>\n<meta property=\"og:title\" content=\"About us - NewTraderLab\" \/>\n<meta property=\"og:description\" content=\"NewTraderLab nasce dalla fusione di diverse storie professionali e comprensione delle esigenze dei clienti per offrire il miglior servizio forex e cfd.\" \/>\n<meta property=\"og:url\" content=\"https:\/\/newtraderlab.com\/about-us\/\" \/>\n<meta property=\"og:site_name\" content=\"NewTraderLab\" \/>\n<meta property=\"article:publisher\" content=\"https:\/\/www.facebook.com\/newtraderlab\/\" \/>\n<meta property=\"article:modified_time\" content=\"2023-07-03T14:56:51+00:00\" \/>\n<meta name=\"twitter:card\" content=\"summary_large_image\" \/>\n<meta name=\"twitter:label1\" content=\"Tempo di lettura stimato\" \/>\n\t<meta name=\"twitter:data1\" content=\"3 minuti\" \/>\n<script type=\"application\/ld+json\" class=\"yoast-schema-graph\">{\"@context\":\"https:\\\/\\\/schema.org\",\"@graph\":[{\"@type\":\"WebPage\",\"@id\":\"https:\\\/\\\/newtraderlab.com\\\/about-us\\\/\",\"url\":\"https:\\\/\\\/newtraderlab.com\\\/about-us\\\/\",\"name\":\"About us - NewTraderLab\",\"isPartOf\":{\"@id\":\"https:\\\/\\\/newtraderlab.com\\\/#website\"},\"datePublished\":\"2020-01-11T15:07:19+00:00\",\"dateModified\":\"2023-07-03T14:56:51+00:00\",\"description\":\"NewTraderLab nasce dalla fusione di diverse storie professionali e comprensione delle esigenze dei clienti per offrire il miglior servizio forex e cfd.\",\"breadcrumb\":{\"@id\":\"https:\\\/\\\/newtraderlab.com\\\/about-us\\\/#breadcrumb\"},\"inLanguage\":\"it-IT\",\"potentialAction\":[{\"@type\":\"ReadAction\",\"target\":[\"https:\\\/\\\/newtraderlab.com\\\/about-us\\\/\"]}]},{\"@type\":\"BreadcrumbList\",\"@id\":\"https:\\\/\\\/newtraderlab.com\\\/about-us\\\/#breadcrumb\",\"itemListElement\":[{\"@type\":\"ListItem\",\"position\":1,\"name\":\"Home\",\"item\":\"https:\\\/\\\/newtraderlab.com\\\/it\\\/\"},{\"@type\":\"ListItem\",\"position\":2,\"name\":\"About us\"}]},{\"@type\":\"WebSite\",\"@id\":\"https:\\\/\\\/newtraderlab.com\\\/#website\",\"url\":\"https:\\\/\\\/newtraderlab.com\\\/\",\"name\":\"NewTraderLab\",\"description\":\"La piattaforma a misura di trader\",\"publisher\":{\"@id\":\"https:\\\/\\\/newtraderlab.com\\\/#organization\"},\"potentialAction\":[{\"@type\":\"SearchAction\",\"target\":{\"@type\":\"EntryPoint\",\"urlTemplate\":\"https:\\\/\\\/newtraderlab.com\\\/?s={search_term_string}\"},\"query-input\":{\"@type\":\"PropertyValueSpecification\",\"valueRequired\":true,\"valueName\":\"search_term_string\"}}],\"inLanguage\":\"it-IT\"},{\"@type\":\"Organization\",\"@id\":\"https:\\\/\\\/newtraderlab.com\\\/#organization\",\"name\":\"NewTraderLab\",\"url\":\"https:\\\/\\\/newtraderlab.com\\\/\",\"logo\":{\"@type\":\"ImageObject\",\"inLanguage\":\"it-IT\",\"@id\":\"https:\\\/\\\/newtraderlab.com\\\/#\\\/schema\\\/logo\\\/image\\\/\",\"url\":\"https:\\\/\\\/newtraderlab.com\\\/wp-content\\\/uploads\\\/2020\\\/06\\\/logo-tot.png\",\"contentUrl\":\"https:\\\/\\\/newtraderlab.com\\\/wp-content\\\/uploads\\\/2020\\\/06\\\/logo-tot.png\",\"width\":1222,\"height\":216,\"caption\":\"NewTraderLab\"},\"image\":{\"@id\":\"https:\\\/\\\/newtraderlab.com\\\/#\\\/schema\\\/logo\\\/image\\\/\"},\"sameAs\":[\"https:\\\/\\\/www.facebook.com\\\/newtraderlab\\\/\",\"https:\\\/\\\/www.instagram.com\\\/newtraderlab\\\/\",\"https:\\\/\\\/www.linkedin.com\\\/company\\\/newtraderlab\\\/\"]}]}<\/script>\n<!-- \/ Yoast SEO plugin. -->","yoast_head_json":{"title":"About us - NewTraderLab","description":"NewTraderLab nasce dalla fusione di diverse storie professionali e comprensione delle esigenze dei clienti per offrire il miglior servizio forex e cfd.","robots":{"index":"index","follow":"follow","max-snippet":"max-snippet:-1","max-image-preview":"max-image-preview:large","max-video-preview":"max-video-preview:-1"},"canonical":"https:\/\/newtraderlab.com\/about-us\/","og_locale":"it_IT","og_type":"article","og_title":"About us - NewTraderLab","og_description":"NewTraderLab nasce dalla fusione di diverse storie professionali e comprensione delle esigenze dei clienti per offrire il miglior servizio forex e cfd.","og_url":"https:\/\/newtraderlab.com\/about-us\/","og_site_name":"NewTraderLab","article_publisher":"https:\/\/www.facebook.com\/newtraderlab\/","article_modified_time":"2023-07-03T14:56:51+00:00","twitter_card":"summary_large_image","twitter_misc":{"Tempo di lettura stimato":"3 minuti"},"schema":{"@context":"https:\/\/schema.org","@graph":[{"@type":"WebPage","@id":"https:\/\/newtraderlab.com\/about-us\/","url":"https:\/\/newtraderlab.com\/about-us\/","name":"About us - NewTraderLab","isPartOf":{"@id":"https:\/\/newtraderlab.com\/#website"},"datePublished":"2020-01-11T15:07:19+00:00","dateModified":"2023-07-03T14:56:51+00:00","description":"NewTraderLab nasce dalla fusione di diverse storie professionali e comprensione delle esigenze dei clienti per offrire il miglior servizio forex e cfd.","breadcrumb":{"@id":"https:\/\/newtraderlab.com\/about-us\/#breadcrumb"},"inLanguage":"it-IT","potentialAction":[{"@type":"ReadAction","target":["https:\/\/newtraderlab.com\/about-us\/"]}]},{"@type":"BreadcrumbList","@id":"https:\/\/newtraderlab.com\/about-us\/#breadcrumb","itemListElement":[{"@type":"ListItem","position":1,"name":"Home","item":"https:\/\/newtraderlab.com\/it\/"},{"@type":"ListItem","position":2,"name":"About us"}]},{"@type":"WebSite","@id":"https:\/\/newtraderlab.com\/#website","url":"https:\/\/newtraderlab.com\/","name":"NewTraderLab","description":"La piattaforma a misura di trader","publisher":{"@id":"https:\/\/newtraderlab.com\/#organization"},"potentialAction":[{"@type":"SearchAction","target":{"@type":"EntryPoint","urlTemplate":"https:\/\/newtraderlab.com\/?s={search_term_string}"},"query-input":{"@type":"PropertyValueSpecification","valueRequired":true,"valueName":"search_term_string"}}],"inLanguage":"it-IT"},{"@type":"Organization","@id":"https:\/\/newtraderlab.com\/#organization","name":"NewTraderLab","url":"https:\/\/newtraderlab.com\/","logo":{"@type":"ImageObject","inLanguage":"it-IT","@id":"https:\/\/newtraderlab.com\/#\/schema\/logo\/image\/","url":"https:\/\/newtraderlab.com\/wp-content\/uploads\/2020\/06\/logo-tot.png","contentUrl":"https:\/\/newtraderlab.com\/wp-content\/uploads\/2020\/06\/logo-tot.png","width":1222,"height":216,"caption":"NewTraderLab"},"image":{"@id":"https:\/\/newtraderlab.com\/#\/schema\/logo\/image\/"},"sameAs":["https:\/\/www.facebook.com\/newtraderlab\/","https:\/\/www.instagram.com\/newtraderlab\/","https:\/\/www.linkedin.com\/company\/newtraderlab\/"]}]}},"_links":{"self":[{"href":"https:\/\/newtraderlab.com\/it\/wp-json\/wp\/v2\/pages\/9059","targetHints":{"allow":["GET"]}}],"collection":[{"href":"https:\/\/newtraderlab.com\/it\/wp-json\/wp\/v2\/pages"}],"about":[{"href":"https:\/\/newtraderlab.com\/it\/wp-json\/wp\/v2\/types\/page"}],"author":[{"embeddable":true,"href":"https:\/\/newtraderlab.com\/it\/wp-json\/wp\/v2\/users\/1"}],"replies":[{"embeddable":true,"href":"https:\/\/newtraderlab.com\/it\/wp-json\/wp\/v2\/comments?post=9059"}],"version-history":[{"count":12,"href":"https:\/\/newtraderlab.com\/it\/wp-json\/wp\/v2\/pages\/9059\/revisions"}],"predecessor-version":[{"id":12183,"href":"https:\/\/newtraderlab.com\/it\/wp-json\/wp\/v2\/pages\/9059\/revisions\/12183"}],"wp:attachment":[{"href":"https:\/\/newtraderlab.com\/it\/wp-json\/wp\/v2\/media?parent=9059"}],"curies":[{"name":"wp","href":"https:\/\/api.w.org\/{rel}","templated":true}]}}