{"id":11279,"date":"2018-08-27T05:14:48","date_gmt":"2018-08-27T05:14:48","guid":{"rendered":"https:\/\/newtraderlab.com\/home-version-five\/"},"modified":"2023-07-14T18:00:53","modified_gmt":"2023-07-14T18:00:53","slug":"home-version-five","status":"publish","type":"page","link":"https:\/\/newtraderlab.com\/es\/","title":{"rendered":"Home"},"content":{"rendered":"<div class=\"wpb-content-wrapper\"><p>[vc_row][vc_column width=&#8221;1\/2&#8243;][vc_empty_space height=&#8221;100px&#8221;][vc_custom_heading text=&#8221;Cualquiera que sea tu estrategia,&#8221; font_container=&#8221;tag:h2|font_size:50px|text_align:left|color:%23ff9600&#8243; google_fonts=&#8221;font_family:Montserrat%3Aregular%2C700|font_style:700%20bold%20regular%3A700%3Anormal&#8221; el_class=&#8221;font-weight-regular&#8221;][vc_custom_heading text=&#8221;nosotros tendremos la soluci\u00f3n.&#8221; font_container=&#8221;tag:h2|font_size:50px|text_align:left&#8221; google_fonts=&#8221;font_family:Montserrat%3Aregular%2C700|font_style:700%20bold%20regular%3A700%3Anormal&#8221; el_class=&#8221;font-weight-regular&#8221;][vc_empty_space height=&#8221;50px&#8221;][vc_column_text css=&#8221;.vc_custom_1689325774295{margin-top: 0px !important;margin-bottom: 25px !important;}&#8221; el_class=&#8221;font-weight-thin&#8221;]<span style=\"font-family: poppins; color: #000000; font-size: 18px;\">Nuestra oferta de cuentas est\u00e1 dise\u00f1ada para adaptarse mejor a las necesidades de cualquier persona, desde el estilo comercial hasta los precios, la ejecuci\u00f3n y las oportunidades de inversi\u00f3n.<\/span><\/p>\n<p><span style=\"font-family: poppins; color: #000000; font-size: 18px;\"><br \/>\nTodas nuestras cuentas disfrutan de la promesa de STP\/DMA, tecnolog\u00eda de ejecuci\u00f3n de baja latencia y protecciones reglamentarias de la UE.<\/span>[\/vc_column_text][vc_row_inner][vc_column_inner width=&#8221;1\/2&#8243;]\r<!-- radiantthemes-custom-button -->\r<div class=\"radiantthemes-custom-button hover-style-one rt1406517476  font-weight-thin letter-spacing-1\"  data-button-direction=\"center\" data-button-fullwidth=\"false\"  data-button-icon-position=\"right\"><a style=\" color: #ffffff; line-height: 23px; font-size: 18px;font-family:Montserrat; font-weight:700; font-style:normal; \" class=\"radiantthemes-custom-button-main  vc_custom_1689347287563\" href=\"https:\/\/portal.newtraderlab.com\/account\/live\"  title=\"Abrir una Cuenta\" target=\"_blank\"><div class=\"placeholder\">Abrir una cuenta<i class=\"\"><\/i><\/div><\/a><\/div>\r<!-- radiantthemes-custom-button -->\r[\/vc_column_inner][vc_column_inner width=&#8221;1\/2&#8243;]\r<!-- radiantthemes-custom-button -->\r<div class=\"radiantthemes-custom-button hover-style-one rt1236924389  font-weight-thin letter-spacing-1\"  data-button-direction=\"center\" data-button-fullwidth=\"false\"  data-button-icon-position=\"right\"><a style=\" color: #ffffff; line-height: 23px; font-size: 18px;font-family:Montserrat; font-weight:700; font-style:normal; \" class=\"radiantthemes-custom-button-main  vc_custom_1684131149549\" href=\"https:\/\/newtraderlab.com\/es\/como-funciona\/\"  title=\"Como funciona?\" target=\"_self\"><div class=\"placeholder\">Empezar a Invertir<i class=\"\"><\/i><\/div><\/a><\/div>\r<!-- radiantthemes-custom-button -->\r[\/vc_column_inner][\/vc_row_inner][vc_empty_space height=&#8221;150px&#8221;][\/vc_column][vc_column width=&#8221;1\/2&#8243;][vc_empty_space height=&#8221;30px&#8221;][vc_single_image image=&#8221;11018&#8243; img_size=&#8221;large&#8221;][\/vc_column][\/vc_row][vc_row][vc_column width=&#8221;1\/2&#8243;][vc_custom_heading text=&#8221;Trading&#8221; font_container=&#8221;tag:h2|font_size:42px|text_align:left&#8221; google_fonts=&#8221;font_family:Montserrat%3Aregular%2C700|font_style:700%20bold%20regular%3A700%3Anormal&#8221; el_class=&#8221;font-weight-regular&#8221;]<!-- radiantthemes-separator --><div  class=\"radiantthemes-separator element-one text-left \"><div class=\"radiantthemes-separator-block\" style=\"width: 30px ; height: 3px ; background-color: #ff8533 ;\"><\/div><\/div><!-- radiantthemes-separator -->[\/vc_column][vc_column width=&#8221;1\/2&#8243;][\/vc_column][\/vc_row][vc_row][vc_column width=&#8221;1\/2&#8243;][vc_single_image image=&#8221;11019&#8243; img_size=&#8221;large&#8221;][\/vc_column][vc_column width=&#8221;1\/2&#8243;][vc_custom_heading text=&#8221;Primera liquidez&#8221; font_container=&#8221;tag:h3|font_size:28px|text_align:left|color:%23131320|line_height:32px&#8221; google_fonts=&#8221;font_family:Montserrat%3Aregular%2C700|font_style:700%20bold%20regular%3A700%3Anormal&#8221; el_class=&#8221;font-weight-semibold letter-spacing-0&#8243; css=&#8221;.vc_custom_1689326815422{margin-top: 0px !important;margin-bottom: 0px !important;padding-top: 0px !important;padding-bottom: 5px !important;}&#8221;]<!-- radiantthemes-separator --><div  class=\"radiantthemes-separator element-one text-left \"><div class=\"radiantthemes-separator-block\" style=\"width: 30px ; height: 3px ; background-color: #ff8533 ;\"><\/div><\/div><!-- radiantthemes-separator -->[vc_column_text css=&#8221;.vc_custom_1689326680737{margin-top: -10px !important;margin-bottom: 0px !important;padding-bottom: 25px !important;}&#8221; el_class=&#8221;font-weight-thin&#8221;]<span style=\"font-family: poppins; color: #000000; font-size: 16px;\">Gracias a los vol\u00famenes negociados, NTL puede brindarle acceso a los fondos de liquidez m\u00e1s grandes disponibles actualmente en el mercado. Esto significa que sus \u00f3rdenes se ejecutan r\u00e1pidamente ya a precios de mercado.<\/span>[\/vc_column_text][vc_custom_heading text=&#8221;Latencia ultrabaja&#8221; font_container=&#8221;tag:h3|font_size:28px|text_align:left|color:%23131320|line_height:32px&#8221; google_fonts=&#8221;font_family:Montserrat%3Aregular%2C700|font_style:700%20bold%20regular%3A700%3Anormal&#8221; el_class=&#8221;font-weight-semibold letter-spacing-0&#8243; css=&#8221;.vc_custom_1689326827150{margin-top: 0px !important;margin-bottom: 0px !important;padding-top: 0px !important;padding-bottom: 5px !important;}&#8221;]<!-- radiantthemes-separator --><div  class=\"radiantthemes-separator element-one text-left \"><div class=\"radiantthemes-separator-block\" style=\"width: 30px ; height: 3px ; background-color: #ff8533 ;\"><\/div><\/div><!-- radiantthemes-separator -->[vc_column_text css=&#8221;.vc_custom_1689326668202{margin-top: -10px !important;margin-bottom: 0px !important;padding-top: 0px !important;padding-bottom: 25px !important;}&#8221; el_class=&#8221;font-weight-thin&#8221;]<span style=\"font-family: poppins; color: #000000; font-size: 16px;\">Gracias a la latencia ultrabaja, sus \u00f3rdenes se ejecutan directamente dentro de los fondos de liquidez. Esto significa que no hay recotizaciones, ni intervenci\u00f3n de distribuidores y acceso directo al mercado.<\/span>[\/vc_column_text][vc_custom_heading text=&#8221;Reglamento de la UE&#8221; font_container=&#8221;tag:h3|font_size:28px|text_align:left|color:%23131320|line_height:32px&#8221; google_fonts=&#8221;font_family:Montserrat%3Aregular%2C700|font_style:700%20bold%20regular%3A700%3Anormal&#8221; el_class=&#8221;font-weight-semibold letter-spacing-0&#8243; css=&#8221;.vc_custom_1689326843951{margin-top: 0px !important;margin-bottom: 0px !important;padding-top: 0px !important;padding-bottom: 5px !important;}&#8221;]<!-- radiantthemes-separator --><div  class=\"radiantthemes-separator element-one text-left \"><div class=\"radiantthemes-separator-block\" style=\"width: 30px ; height: 3px ; background-color: #ff8533 ;\"><\/div><\/div><!-- radiantthemes-separator -->[vc_column_text css=&#8221;.vc_custom_1689326714000{margin-top: -10px !important;margin-bottom: 0px !important;padding-top: 0px !important;padding-bottom: 25px !important;}&#8221; el_class=&#8221;font-weight-thin&#8221;]<span style=\"font-family: poppins; color: #000000; font-size: 16px;\">NTL est\u00e1 regulado por la MFSA y, seg\u00fan la normativa europea, todos los clientes pueden aprovechar los beneficios de operar e invertir en un entorno seguro y protegido.<\/span>[\/vc_column_text][vc_empty_space height=&#8221;150px&#8221;][\/vc_column][\/vc_row][vc_section full_width=&#8221;stretch_row&#8221; css=&#8221;.vc_custom_1537854882755{margin-top: 0px !important;margin-bottom: 0px !important;padding-top: 0px !important;padding-bottom: 0px !important;}&#8221;][vc_row][vc_column width=&#8221;1\/2&#8243;][vc_custom_heading text=&#8221;Estamos orgullos de trabajar con:&#8221; font_container=&#8221;tag:h2|font_size:45px|text_align:left&#8221; google_fonts=&#8221;font_family:Montserrat%3Aregular%2C700|font_style:400%20regular%3A400%3Anormal&#8221; el_class=&#8221;font-weight-thin&#8221;][vc_empty_space][\/vc_column][vc_column width=&#8221;1\/2&#8243;][\/vc_column][\/vc_row][vc_row full_width=&#8221;stretch_row&#8221; css_animation=&#8221;fadeInUp&#8221; css=&#8221;.vc_custom_1538394671451{margin-top: 0px !important;margin-bottom: 0px !important;padding-top: 0px !important;padding-bottom: 50px !important;}&#8221;][vc_column]<div class=\"clients owl-carousel element-one owl-nav-style-two owl-dot-style-one \"  data-owl-nav=\"true\" data-owl-dots=\"false\" data-owl-loop=\"true\" data-owl-autoplay=\"true\" data-owl-autoplay-timeout=\"6000\" data-owl-mobile-items=\"1\" data-owl-tab-items=\"5\" data-owl-desktop-items=\"5\"><!-- clients-item --><div class=\"clients-item\"><div class=\"holder matchHeight\"><div class=\"table\"><div class=\"table-cell\"><div class=\"pic\"><img loading=\"lazy\" decoding=\"async\" width=\"300\" height=\"69\" src=\"https:\/\/newtraderlab.com\/wp-content\/uploads\/2019\/12\/xtx_logo-300x69.png\" class=\"attachment-post-thumbnail size-post-thumbnail wp-post-image\" alt=\"\" \/><\/div><\/div><\/div><\/div><\/div><!-- clients-item --><!-- clients-item --><div class=\"clients-item\"><div class=\"holder matchHeight\"><div class=\"table\"><div class=\"table-cell\"><div class=\"pic\"><img loading=\"lazy\" decoding=\"async\" width=\"300\" height=\"54\" src=\"https:\/\/newtraderlab.com\/wp-content\/uploads\/2019\/12\/ubs_logo-300x54.png\" class=\"attachment-post-thumbnail size-post-thumbnail wp-post-image\" alt=\"\" \/><\/div><\/div><\/div><\/div><\/div><!-- clients-item --><!-- clients-item --><div class=\"clients-item\"><div class=\"holder matchHeight\"><div class=\"table\"><div class=\"table-cell\"><div class=\"pic\"><img loading=\"lazy\" decoding=\"async\" width=\"300\" height=\"63\" src=\"https:\/\/newtraderlab.com\/wp-content\/uploads\/2019\/12\/standard_logo-300x63.png\" class=\"attachment-post-thumbnail size-post-thumbnail wp-post-image\" alt=\"\" \/><\/div><\/div><\/div><\/div><\/div><!-- clients-item --><!-- clients-item --><div class=\"clients-item\"><div class=\"holder matchHeight\"><div class=\"table\"><div class=\"table-cell\"><div class=\"pic\"><img loading=\"lazy\" decoding=\"async\" width=\"300\" height=\"54\" src=\"https:\/\/newtraderlab.com\/wp-content\/uploads\/2019\/12\/natwest_logo-300x54.png\" class=\"attachment-post-thumbnail size-post-thumbnail wp-post-image\" alt=\"\" \/><\/div><\/div><\/div><\/div><\/div><!-- clients-item --><!-- clients-item --><div class=\"clients-item\"><div class=\"holder matchHeight\"><div class=\"table\"><div class=\"table-cell\"><div class=\"pic\"><img loading=\"lazy\" decoding=\"async\" width=\"300\" height=\"54\" src=\"https:\/\/newtraderlab.com\/wp-content\/uploads\/2019\/12\/morgan_logo-300x54.png\" class=\"attachment-post-thumbnail size-post-thumbnail wp-post-image\" alt=\"\" \/><\/div><\/div><\/div><\/div><\/div><!-- clients-item --><!-- clients-item --><div class=\"clients-item\"><div class=\"holder matchHeight\"><div class=\"table\"><div class=\"table-cell\"><div class=\"pic\"><img loading=\"lazy\" decoding=\"async\" width=\"300\" height=\"70\" src=\"https:\/\/newtraderlab.com\/wp-content\/uploads\/2019\/12\/macquare_logo-300x70.png\" class=\"attachment-post-thumbnail size-post-thumbnail wp-post-image\" alt=\"\" \/><\/div><\/div><\/div><\/div><\/div><!-- clients-item --><!-- clients-item --><div class=\"clients-item\"><div class=\"holder matchHeight\"><div class=\"table\"><div class=\"table-cell\"><div class=\"pic\"><img loading=\"lazy\" decoding=\"async\" width=\"300\" height=\"70\" src=\"https:\/\/newtraderlab.com\/wp-content\/uploads\/2019\/12\/lmax_logo.png\" class=\"attachment-post-thumbnail size-post-thumbnail wp-post-image\" alt=\"\" \/><\/div><\/div><\/div><\/div><\/div><!-- clients-item --><!-- clients-item --><div class=\"clients-item\"><div class=\"holder matchHeight\"><div class=\"table\"><div class=\"table-cell\"><div class=\"pic\"><img loading=\"lazy\" decoding=\"async\" width=\"300\" height=\"54\" src=\"https:\/\/newtraderlab.com\/wp-content\/uploads\/2019\/12\/jpmorgan_logo-300x54.png\" class=\"attachment-post-thumbnail size-post-thumbnail wp-post-image\" alt=\"\" \/><\/div><\/div><\/div><\/div><\/div><!-- clients-item --><!-- clients-item --><div class=\"clients-item\"><div class=\"holder matchHeight\"><div class=\"table\"><div class=\"table-cell\"><div class=\"pic\"><img loading=\"lazy\" decoding=\"async\" width=\"300\" height=\"59\" src=\"https:\/\/newtraderlab.com\/wp-content\/uploads\/2019\/12\/dukas_logo-1.png\" class=\"attachment-post-thumbnail size-post-thumbnail wp-post-image\" alt=\"\" \/><\/div><\/div><\/div><\/div><\/div><!-- clients-item --><!-- clients-item --><div class=\"clients-item\"><div class=\"holder matchHeight\"><div class=\"table\"><div class=\"table-cell\"><div class=\"pic\"><img loading=\"lazy\" decoding=\"async\" width=\"300\" height=\"54\" src=\"https:\/\/newtraderlab.com\/wp-content\/uploads\/2019\/12\/deutsche_logo-300x54.png\" class=\"attachment-post-thumbnail size-post-thumbnail wp-post-image\" alt=\"\" \/><\/div><\/div><\/div><\/div><\/div><!-- clients-item --><!-- clients-item --><div class=\"clients-item\"><div class=\"holder matchHeight\"><div class=\"table\"><div class=\"table-cell\"><div class=\"pic\"><img loading=\"lazy\" decoding=\"async\" width=\"300\" height=\"61\" src=\"https:\/\/newtraderlab.com\/wp-content\/uploads\/2019\/12\/city_logo-300x61.png\" class=\"attachment-post-thumbnail size-post-thumbnail wp-post-image\" alt=\"\" \/><\/div><\/div><\/div><\/div><\/div><!-- clients-item --><!-- clients-item --><div class=\"clients-item\"><div class=\"holder matchHeight\"><div class=\"table\"><div class=\"table-cell\"><div class=\"pic\"><img loading=\"lazy\" decoding=\"async\" width=\"300\" height=\"54\" src=\"https:\/\/newtraderlab.com\/wp-content\/uploads\/2019\/12\/bnp_logo-300x54.png\" class=\"attachment-post-thumbnail size-post-thumbnail wp-post-image\" alt=\"\" \/><\/div><\/div><\/div><\/div><\/div><!-- clients-item --><!-- clients-item --><div class=\"clients-item\"><div class=\"holder matchHeight\"><div class=\"table\"><div class=\"table-cell\"><div class=\"pic\"><img loading=\"lazy\" decoding=\"async\" width=\"300\" height=\"54\" src=\"https:\/\/newtraderlab.com\/wp-content\/uploads\/2019\/12\/barclays_logo-300x54.png\" class=\"attachment-post-thumbnail size-post-thumbnail wp-post-image\" alt=\"\" \/><\/div><\/div><\/div><\/div><\/div><!-- clients-item --><!-- clients-item --><div class=\"clients-item\"><div class=\"holder matchHeight\"><div class=\"table\"><div class=\"table-cell\"><div class=\"pic\"><img loading=\"lazy\" decoding=\"async\" width=\"300\" height=\"37\" src=\"https:\/\/newtraderlab.com\/wp-content\/uploads\/2019\/12\/bank_america_logo-300x37.png\" class=\"attachment-post-thumbnail size-post-thumbnail wp-post-image\" alt=\"\" \/><\/div><\/div><\/div><\/div><\/div><!-- clients-item --><\/div>[vc_empty_space height=&#8221;50px&#8221;]\r<!-- radiantthemes-custom-button -->\r<div class=\"radiantthemes-custom-button hover-style-one rt106761702  font-weight-thin letter-spacing-1\"  data-button-direction=\"center\" data-button-fullwidth=\"false\"  data-button-icon-position=\"right\"><a style=\" color: #ffffff; line-height: 23px; font-size: 18px;font-family:Montserrat; font-weight:700; font-style:normal; \" class=\"radiantthemes-custom-button-main  vc_custom_1684131173594\" href=\"https:\/\/newtraderlab.com\/es\/como-funciona\/\"  title=\"\u00bfComo funciona?\" target=\"_self\"><div class=\"placeholder\">Saber m\u00e1s<i class=\"\"><\/i><\/div><\/a><\/div>\r<!-- radiantthemes-custom-button -->\r[vc_empty_space height=&#8221;150px&#8221;][\/vc_column][\/vc_row][\/vc_section]<\/p>\n<\/div>","protected":false},"excerpt":{"rendered":"<p>[vc_row][vc_column width=&#8221;1\/2&#8243;][vc_empty_space height=&#8221;100px&#8221;][vc_custom_heading text=&#8221;Cualquiera que sea tu estrategia,&#8221; font_container=&#8221;tag:h2|font_size:50px|text_align:left|color:%23ff9600&#8243; google_fonts=&#8221;font_family:Montserrat%3Aregular%2C700|font_style:700%20bold%20regular%3A700%3Anormal&#8221; el_class=&#8221;font-weight-regular&#8221;][vc_custom_heading text=&#8221;nosotros tendremos la soluci\u00f3n.&#8221; font_container=&#8221;tag:h2|font_size:50px|text_align:left&#8221; google_fonts=&#8221;font_family:Montserrat%3Aregular%2C700|font_style:700%20bold%20regular%3A700%3Anormal&#8221; el_class=&#8221;font-weight-regular&#8221;][vc_empty_space height=&#8221;50px&#8221;][vc_column_text css=&#8221;.vc_custom_1689325774295{margin-top: 0px !important;margin-bottom: 25px !important;}&#8221; el_class=&#8221;font-weight-thin&#8221;]Nuestra oferta de cuentas est\u00e1 dise\u00f1ada para adaptarse mejor a las necesidades de cualquier persona, desde el estilo comercial hasta los precios, la ejecuci\u00f3n y las oportunidades de inversi\u00f3n. Todas nuestras [&hellip;]<\/p>\n","protected":false},"author":1,"featured_media":0,"parent":0,"menu_order":0,"comment_status":"closed","ping_status":"closed","template":"","meta":{"footnotes":""},"class_list":["post-11279","page","type-page","status-publish","hentry"],"yoast_head":"<!-- This site is optimized with the Yoast SEO plugin v27.5 - https:\/\/yoast.com\/product\/yoast-seo-wordpress\/ -->\n<title>Home - NewTraderLab<\/title>\n<meta name=\"description\" content=\"NewTraderLab the new broker online. Low spreads and social trading for traders and investors. Interbank execution and transparent commissions\" \/>\n<meta name=\"robots\" content=\"index, follow, max-snippet:-1, max-image-preview:large, max-video-preview:-1\" \/>\n<link rel=\"canonical\" href=\"https:\/\/newtraderlab.com\/es\/\" \/>\n<meta property=\"og:locale\" content=\"es_ES\" \/>\n<meta property=\"og:type\" content=\"article\" \/>\n<meta property=\"og:title\" content=\"Home - NewTraderLab\" \/>\n<meta property=\"og:description\" content=\"NewTraderLab the new broker online. Low spreads and social trading for traders and investors. Interbank execution and transparent commissions\" \/>\n<meta property=\"og:url\" content=\"https:\/\/newtraderlab.com\/es\/\" \/>\n<meta property=\"og:site_name\" content=\"NewTraderLab\" \/>\n<meta property=\"article:publisher\" content=\"https:\/\/www.facebook.com\/newtraderlab\/\" \/>\n<meta property=\"article:modified_time\" content=\"2023-07-14T18:00:53+00:00\" \/>\n<meta name=\"twitter:card\" content=\"summary_large_image\" \/>\n<meta name=\"twitter:label1\" content=\"Tiempo de lectura\" \/>\n\t<meta name=\"twitter:data1\" content=\"6 minutos\" \/>\n<script type=\"application\/ld+json\" class=\"yoast-schema-graph\">{\"@context\":\"https:\\\/\\\/schema.org\",\"@graph\":[{\"@type\":\"WebPage\",\"@id\":\"https:\\\/\\\/newtraderlab.com\\\/es\\\/\",\"url\":\"https:\\\/\\\/newtraderlab.com\\\/es\\\/\",\"name\":\"Home - NewTraderLab\",\"isPartOf\":{\"@id\":\"https:\\\/\\\/newtraderlab.com\\\/#website\"},\"datePublished\":\"2018-08-27T05:14:48+00:00\",\"dateModified\":\"2023-07-14T18:00:53+00:00\",\"description\":\"NewTraderLab the new broker online. Low spreads and social trading for traders and investors. Interbank execution and transparent commissions\",\"breadcrumb\":{\"@id\":\"https:\\\/\\\/newtraderlab.com\\\/es\\\/#breadcrumb\"},\"inLanguage\":\"es\",\"potentialAction\":[{\"@type\":\"ReadAction\",\"target\":[\"https:\\\/\\\/newtraderlab.com\\\/es\\\/\"]}]},{\"@type\":\"BreadcrumbList\",\"@id\":\"https:\\\/\\\/newtraderlab.com\\\/es\\\/#breadcrumb\",\"itemListElement\":[{\"@type\":\"ListItem\",\"position\":1,\"name\":\"Home\",\"item\":\"https:\\\/\\\/newtraderlab.com\\\/es\\\/\"},{\"@type\":\"ListItem\",\"position\":2,\"name\":\"Home\"}]},{\"@type\":\"WebSite\",\"@id\":\"https:\\\/\\\/newtraderlab.com\\\/#website\",\"url\":\"https:\\\/\\\/newtraderlab.com\\\/\",\"name\":\"NewTraderLab\",\"description\":\"La piattaforma a misura di trader\",\"publisher\":{\"@id\":\"https:\\\/\\\/newtraderlab.com\\\/#organization\"},\"potentialAction\":[{\"@type\":\"SearchAction\",\"target\":{\"@type\":\"EntryPoint\",\"urlTemplate\":\"https:\\\/\\\/newtraderlab.com\\\/?s={search_term_string}\"},\"query-input\":{\"@type\":\"PropertyValueSpecification\",\"valueRequired\":true,\"valueName\":\"search_term_string\"}}],\"inLanguage\":\"es\"},{\"@type\":\"Organization\",\"@id\":\"https:\\\/\\\/newtraderlab.com\\\/#organization\",\"name\":\"NewTraderLab\",\"url\":\"https:\\\/\\\/newtraderlab.com\\\/\",\"logo\":{\"@type\":\"ImageObject\",\"inLanguage\":\"es\",\"@id\":\"https:\\\/\\\/newtraderlab.com\\\/#\\\/schema\\\/logo\\\/image\\\/\",\"url\":\"https:\\\/\\\/newtraderlab.com\\\/wp-content\\\/uploads\\\/2020\\\/06\\\/logo-tot.png\",\"contentUrl\":\"https:\\\/\\\/newtraderlab.com\\\/wp-content\\\/uploads\\\/2020\\\/06\\\/logo-tot.png\",\"width\":1222,\"height\":216,\"caption\":\"NewTraderLab\"},\"image\":{\"@id\":\"https:\\\/\\\/newtraderlab.com\\\/#\\\/schema\\\/logo\\\/image\\\/\"},\"sameAs\":[\"https:\\\/\\\/www.facebook.com\\\/newtraderlab\\\/\",\"https:\\\/\\\/www.instagram.com\\\/newtraderlab\\\/\",\"https:\\\/\\\/www.linkedin.com\\\/company\\\/newtraderlab\\\/\"]}]}<\/script>\n<!-- \/ Yoast SEO plugin. -->","yoast_head_json":{"title":"Home - NewTraderLab","description":"NewTraderLab the new broker online. Low spreads and social trading for traders and investors. Interbank execution and transparent commissions","robots":{"index":"index","follow":"follow","max-snippet":"max-snippet:-1","max-image-preview":"max-image-preview:large","max-video-preview":"max-video-preview:-1"},"canonical":"https:\/\/newtraderlab.com\/es\/","og_locale":"es_ES","og_type":"article","og_title":"Home - NewTraderLab","og_description":"NewTraderLab the new broker online. Low spreads and social trading for traders and investors. Interbank execution and transparent commissions","og_url":"https:\/\/newtraderlab.com\/es\/","og_site_name":"NewTraderLab","article_publisher":"https:\/\/www.facebook.com\/newtraderlab\/","article_modified_time":"2023-07-14T18:00:53+00:00","twitter_card":"summary_large_image","twitter_misc":{"Tiempo de lectura":"6 minutos"},"schema":{"@context":"https:\/\/schema.org","@graph":[{"@type":"WebPage","@id":"https:\/\/newtraderlab.com\/es\/","url":"https:\/\/newtraderlab.com\/es\/","name":"Home - NewTraderLab","isPartOf":{"@id":"https:\/\/newtraderlab.com\/#website"},"datePublished":"2018-08-27T05:14:48+00:00","dateModified":"2023-07-14T18:00:53+00:00","description":"NewTraderLab the new broker online. Low spreads and social trading for traders and investors. Interbank execution and transparent commissions","breadcrumb":{"@id":"https:\/\/newtraderlab.com\/es\/#breadcrumb"},"inLanguage":"es","potentialAction":[{"@type":"ReadAction","target":["https:\/\/newtraderlab.com\/es\/"]}]},{"@type":"BreadcrumbList","@id":"https:\/\/newtraderlab.com\/es\/#breadcrumb","itemListElement":[{"@type":"ListItem","position":1,"name":"Home","item":"https:\/\/newtraderlab.com\/es\/"},{"@type":"ListItem","position":2,"name":"Home"}]},{"@type":"WebSite","@id":"https:\/\/newtraderlab.com\/#website","url":"https:\/\/newtraderlab.com\/","name":"NewTraderLab","description":"La piattaforma a misura di trader","publisher":{"@id":"https:\/\/newtraderlab.com\/#organization"},"potentialAction":[{"@type":"SearchAction","target":{"@type":"EntryPoint","urlTemplate":"https:\/\/newtraderlab.com\/?s={search_term_string}"},"query-input":{"@type":"PropertyValueSpecification","valueRequired":true,"valueName":"search_term_string"}}],"inLanguage":"es"},{"@type":"Organization","@id":"https:\/\/newtraderlab.com\/#organization","name":"NewTraderLab","url":"https:\/\/newtraderlab.com\/","logo":{"@type":"ImageObject","inLanguage":"es","@id":"https:\/\/newtraderlab.com\/#\/schema\/logo\/image\/","url":"https:\/\/newtraderlab.com\/wp-content\/uploads\/2020\/06\/logo-tot.png","contentUrl":"https:\/\/newtraderlab.com\/wp-content\/uploads\/2020\/06\/logo-tot.png","width":1222,"height":216,"caption":"NewTraderLab"},"image":{"@id":"https:\/\/newtraderlab.com\/#\/schema\/logo\/image\/"},"sameAs":["https:\/\/www.facebook.com\/newtraderlab\/","https:\/\/www.instagram.com\/newtraderlab\/","https:\/\/www.linkedin.com\/company\/newtraderlab\/"]}]}},"_links":{"self":[{"href":"https:\/\/newtraderlab.com\/es\/wp-json\/wp\/v2\/pages\/11279","targetHints":{"allow":["GET"]}}],"collection":[{"href":"https:\/\/newtraderlab.com\/es\/wp-json\/wp\/v2\/pages"}],"about":[{"href":"https:\/\/newtraderlab.com\/es\/wp-json\/wp\/v2\/types\/page"}],"author":[{"embeddable":true,"href":"https:\/\/newtraderlab.com\/es\/wp-json\/wp\/v2\/users\/1"}],"replies":[{"embeddable":true,"href":"https:\/\/newtraderlab.com\/es\/wp-json\/wp\/v2\/comments?post=11279"}],"version-history":[{"count":45,"href":"https:\/\/newtraderlab.com\/es\/wp-json\/wp\/v2\/pages\/11279\/revisions"}],"predecessor-version":[{"id":12334,"href":"https:\/\/newtraderlab.com\/es\/wp-json\/wp\/v2\/pages\/11279\/revisions\/12334"}],"wp:attachment":[{"href":"https:\/\/newtraderlab.com\/es\/wp-json\/wp\/v2\/media?parent=11279"}],"curies":[{"name":"wp","href":"https:\/\/api.w.org\/{rel}","templated":true}]}}